{"id":119,"date":"2020-12-19T14:57:35","date_gmt":"2020-12-19T14:57:35","guid":{"rendered":"https:\/\/www.opalozon.com\/?page_id=119"},"modified":"2025-02-26T19:51:34","modified_gmt":"2025-02-26T16:51:34","slug":"hakkimizda","status":"publish","type":"page","link":"http:\/\/ozonlamasistemleri.com\/en\/hakkimizda\/","title":{"rendered":"About Us"},"content":{"rendered":"<div data-elementor-type=\"wp-page\" data-elementor-id=\"119\" class=\"elementor elementor-119\" data-elementor-post-type=\"page\">\n\t\t\t\t\t\t<section class=\"elementor-section elementor-top-section elementor-element elementor-element-a3dc29d elementor-section-boxed elementor-section-height-default elementor-section-height-default\" data-id=\"a3dc29d\" data-element_type=\"section\" data-e-type=\"section\">\n\t\t\t\t\t\t<div class=\"elementor-container elementor-column-gap-default\">\n\t\t\t\t\t<div class=\"elementor-column elementor-col-100 elementor-top-column elementor-element elementor-element-e55ff1b\" data-id=\"e55ff1b\" data-element_type=\"column\" data-e-type=\"column\">\n\t\t\t<div class=\"elementor-widget-wrap elementor-element-populated\">\n\t\t\t\t\t\t<div class=\"elementor-element elementor-element-364d224 elementor-widget elementor-widget-video\" data-id=\"364d224\" data-element_type=\"widget\" data-e-type=\"widget\" data-settings=\"{&quot;video_type&quot;:&quot;hosted&quot;,&quot;autoplay&quot;:&quot;yes&quot;,&quot;play_on_mobile&quot;:&quot;yes&quot;,&quot;mute&quot;:&quot;yes&quot;,&quot;loop&quot;:&quot;yes&quot;}\" data-widget_type=\"video.default\">\n\t\t\t\t<div class=\"elementor-widget-container\">\n\t\t\t\t\t\t\t<div class=\"e-hosted-video elementor-wrapper elementor-open-inline\">\n\t\t\t\t\t<video class=\"elementor-video\" src=\"http:\/\/ozonlamasistemleri.com\/wp-content\/uploads\/2022\/10\/ozonlama3dgiri.mp4\" autoplay=\"\" loop=\"\" muted=\"muted\" playsinline=\"\" controlslist=\"nodownload\"><\/video>\n\t\t\t\t<\/div>\n\t\t\t\t\t\t<\/div>\n\t\t\t\t<\/div>\n\t\t\t\t\t<\/div>\n\t\t<\/div>\n\t\t\t\t\t<\/div>\n\t\t<\/section>\n\t\t\t\t<section class=\"elementor-section elementor-top-section elementor-element elementor-element-70d4f3d elementor-section-boxed elementor-section-height-default elementor-section-height-default\" data-id=\"70d4f3d\" data-element_type=\"section\" data-e-type=\"section\">\n\t\t\t\t\t\t<div class=\"elementor-container elementor-column-gap-default\">\n\t\t\t\t\t<div class=\"elementor-column elementor-col-100 elementor-top-column elementor-element elementor-element-2fad132\" data-id=\"2fad132\" data-element_type=\"column\" data-e-type=\"column\">\n\t\t\t<div class=\"elementor-widget-wrap elementor-element-populated\">\n\t\t\t\t\t\t<div class=\"elementor-element elementor-element-c724a94 elementor-widget elementor-widget-heading\" data-id=\"c724a94\" data-element_type=\"widget\" data-e-type=\"widget\" data-widget_type=\"heading.default\">\n\t\t\t\t<div class=\"elementor-widget-container\">\n\t\t\t\t\t<h3 class=\"elementor-heading-title elementor-size-default\">Ozonlama Sistemleri Projelendirme ve \u0130malat \u015eirketi<\/h3>\t\t\t\t<\/div>\n\t\t\t\t<\/div>\n\t\t\t\t\t<\/div>\n\t\t<\/div>\n\t\t\t\t\t<\/div>\n\t\t<\/section>\n\t\t\t\t<section class=\"elementor-section elementor-top-section elementor-element elementor-element-1a907668 elementor-section-boxed elementor-section-height-default elementor-section-height-default\" data-id=\"1a907668\" data-element_type=\"section\" data-e-type=\"section\">\n\t\t\t\t\t\t<div class=\"elementor-container elementor-column-gap-default\">\n\t\t\t\t\t<div class=\"elementor-column elementor-col-100 elementor-top-column elementor-element elementor-element-cf0c461\" data-id=\"cf0c461\" data-element_type=\"column\" data-e-type=\"column\">\n\t\t\t<div class=\"elementor-widget-wrap elementor-element-populated\">\n\t\t\t\t\t\t<div class=\"elementor-element elementor-element-5f99ff08 elementor-widget elementor-widget-text-editor\" data-id=\"5f99ff08\" data-element_type=\"widget\" data-e-type=\"widget\" data-widget_type=\"text-editor.default\">\n\t\t\t\t<div class=\"elementor-widget-container\">\n\t\t\t\t\t\t\t\t\t\n<p>2013 y\u0131l\u0131nda kurulan \u015firketimiz, T\u00fcrkiye&#8217;de g\u0131da sekt\u00f6r\u00fcne y\u00f6nelik ozon uygulamalar\u0131nda \u00f6nc\u00fc olmay\u0131 hedeflemektedir. 200&#8217;\u00fcn \u00fczerinde su \u015fi\u015feleme ve g\u0131da i\u015fleme tesisinde aktif olarak kullan\u0131lan cihazlar\u0131m\u0131z\u0131n yeni nesil y\u00fcksek kapasiteli modelleri, \u015fehir \u015febekeleri, at\u0131ksu ar\u0131tma tesisleri ve olimpik havuzlar\u0131n dezenfeksiyonunda tercih edilmektedir.<\/p>\n<p>Uzmanl\u0131k Alanlar\u0131m\u0131z:<\/p>\n<p>\u2022\u2060 \u2060\u0130\u00e7me suyu dezenfeksiyonu<br \/>\u2022\u2060 \u2060Et, tavuk ve narenciye so\u011fuk hava depolar\u0131<br \/>\u2022\u2060 \u2060Merkezi havaland\u0131rma sistemlerinde dezenfeksiyon<br \/>\u2022\u2060 \u2060End\u00fcstriyel tesislerde koku giderimi<br \/>\u2022\u2060 \u2060Y\u00fczme havuzlar\u0131 ozonlama sistemleri<br \/>\u2022\u2060 \u2060At\u0131ksu ar\u0131t\u0131m sistemleri (\u00f6n oksidasyon ve de\u015farj suyu dezenfeksiyonu)<br \/>\u2022\u2060 \u2060Tekstil sekt\u00f6r\u00fc ve \u015fehir \u015febekeleri i\u00e7in y\u00fcksek kapasiteli ozon jenerat\u00f6rleri<\/p>\n<p>End\u00fcstriyel \u00f6l\u00e7ekli projelerimizin yan\u0131 s\u0131ra, k\u00fc\u00e7\u00fck i\u015fletmeler ve ya\u015fam alanlar\u0131 i\u00e7in mini ve ta\u015f\u0131nabilir ozon jenerat\u00f6rleri \u00fcretimi de ger\u00e7ekle\u015ftirmekteyiz.<\/p>\n<p>Uluslararas\u0131 \u00c7al\u0131\u015ft\u0131\u011f\u0131m\u0131z \u00dclkeler:<br \/>\u2022\u2060 \u2060Orta Do\u011fu: Irak, \u0130ran, Suudi Arabistan, Libya<br \/>\u2022\u2060 \u2060Afrika: M\u0131s\u0131r, Sudan, Somali, Sao Tome<br \/>\u2022\u2060 \u2060Avrupa ve Yak\u0131n Asya: Kosova, Bosna, Azerbaycan, K\u0131br\u0131s<\/p>\n\t\t\t\t\t\t\t\t<\/div>\n\t\t\t\t<\/div>\n\t\t\t\t\t<\/div>\n\t\t<\/div>\n\t\t\t\t\t<\/div>\n\t\t<\/section>\n\t\t\t\t<section class=\"elementor-section elementor-top-section elementor-element elementor-element-00cd3b5 elementor-section-boxed elementor-section-height-default elementor-section-height-default\" data-id=\"00cd3b5\" data-element_type=\"section\" data-e-type=\"section\">\n\t\t\t\t\t\t<div class=\"elementor-container elementor-column-gap-default\">\n\t\t\t\t\t<div class=\"elementor-column elementor-col-100 elementor-top-column elementor-element elementor-element-c31950b\" data-id=\"c31950b\" data-element_type=\"column\" data-e-type=\"column\">\n\t\t\t<div class=\"elementor-widget-wrap elementor-element-populated\">\n\t\t\t\t\t\t<div class=\"elementor-element elementor-element-a1250a4 e-grid-align-left elementor-shape-rounded elementor-grid-0 elementor-widget elementor-widget-social-icons\" data-id=\"a1250a4\" data-element_type=\"widget\" data-e-type=\"widget\" data-widget_type=\"social-icons.default\">\n\t\t\t\t<div class=\"elementor-widget-container\">\n\t\t\t\t\t\t\t<div class=\"elementor-social-icons-wrapper elementor-grid\" role=\"list\">\n\t\t\t\t\t\t\t<span class=\"elementor-grid-item\" role=\"listitem\">\n\t\t\t\t\t<a class=\"elementor-icon elementor-social-icon elementor-social-icon-facebook elementor-repeater-item-68953b9\" href=\"https:\/\/www.facebook.com\/opal.ozon.sistemleri\" target=\"_blank\" rel=\"noopener\">\n\t\t\t\t\t\t<span class=\"elementor-screen-only\">Facebook<\/span>\n\t\t\t\t\t\t<i aria-hidden=\"true\" class=\"fab fa-facebook\"><\/i>\t\t\t\t\t<\/a>\n\t\t\t\t<\/span>\n\t\t\t\t\t\t\t<span class=\"elementor-grid-item\" role=\"listitem\">\n\t\t\t\t\t<a class=\"elementor-icon elementor-social-icon elementor-social-icon-instagram elementor-repeater-item-db5bec2\" href=\"https:\/\/www.instagram.com\/ozonlama_sistemleri\/\" target=\"_blank\" rel=\"noopener\">\n\t\t\t\t\t\t<span class=\"elementor-screen-only\">Instagram<\/span>\n\t\t\t\t\t\t<i aria-hidden=\"true\" class=\"fab fa-instagram\"><\/i>\t\t\t\t\t<\/a>\n\t\t\t\t<\/span>\n\t\t\t\t\t\t\t<span class=\"elementor-grid-item\" role=\"listitem\">\n\t\t\t\t\t<a class=\"elementor-icon elementor-social-icon elementor-social-icon-linkedin elementor-repeater-item-c9986ef\" href=\"https:\/\/www.linkedin.com\/company\/83065597\/admin\/dashboard\/\" target=\"_blank\" rel=\"noopener\">\n\t\t\t\t\t\t<span class=\"elementor-screen-only\">Linkedin<\/span>\n\t\t\t\t\t\t<i aria-hidden=\"true\" class=\"fab fa-linkedin\"><\/i>\t\t\t\t\t<\/a>\n\t\t\t\t<\/span>\n\t\t\t\t\t<\/div>\n\t\t\t\t\t\t<\/div>\n\t\t\t\t<\/div>\n\t\t\t\t\t<\/div>\n\t\t<\/div>\n\t\t\t\t\t<\/div>\n\t\t<\/section>\n\t\t\t\t<\/div>","protected":false},"excerpt":{"rendered":"<p>http:\/\/ozonlamasistemleri.com\/wp-content\/uploads\/2022\/10\/ozonlama3dgiri.mp4 Ozonlama Sistemleri Projelendirme ve \u0130malat \u015eirketi Facebook Instagram Linkedin<\/p>","protected":false},"author":1,"featured_media":0,"parent":0,"menu_order":0,"comment_status":"closed","ping_status":"closed","template":"","meta":{"footnotes":""},"class_list":["post-119","page","type-page","status-publish","hentry"],"_links":{"self":[{"href":"http:\/\/ozonlamasistemleri.com\/en\/wp-json\/wp\/v2\/pages\/119","targetHints":{"allow":["GET"]}}],"collection":[{"href":"http:\/\/ozonlamasistemleri.com\/en\/wp-json\/wp\/v2\/pages"}],"about":[{"href":"http:\/\/ozonlamasistemleri.com\/en\/wp-json\/wp\/v2\/types\/page"}],"author":[{"embeddable":true,"href":"http:\/\/ozonlamasistemleri.com\/en\/wp-json\/wp\/v2\/users\/1"}],"replies":[{"embeddable":true,"href":"http:\/\/ozonlamasistemleri.com\/en\/wp-json\/wp\/v2\/comments?post=119"}],"version-history":[{"count":24,"href":"http:\/\/ozonlamasistemleri.com\/en\/wp-json\/wp\/v2\/pages\/119\/revisions"}],"predecessor-version":[{"id":1838,"href":"http:\/\/ozonlamasistemleri.com\/en\/wp-json\/wp\/v2\/pages\/119\/revisions\/1838"}],"wp:attachment":[{"href":"http:\/\/ozonlamasistemleri.com\/en\/wp-json\/wp\/v2\/media?parent=119"}],"curies":[{"name":"wp","href":"https:\/\/api.w.org\/{rel}","templated":true}]}}