{"id":363,"date":"2020-12-27T21:28:19","date_gmt":"2020-12-27T18:28:19","guid":{"rendered":"https:\/\/www.opalozon.com\/?page_id=363"},"modified":"2025-02-26T19:47:55","modified_gmt":"2025-02-26T16:47:55","slug":"ozon-olcum-ve-kontrolu","status":"publish","type":"page","link":"http:\/\/ozonlamasistemleri.com\/en\/ozon-olcum-ve-kontrolu\/","title":{"rendered":"Ozone Detection and Control"},"content":{"rendered":"<div data-elementor-type=\"wp-page\" data-elementor-id=\"363\" class=\"elementor elementor-363\" data-elementor-post-type=\"page\">\n\t\t\t\t\t\t<section class=\"elementor-section elementor-top-section elementor-element elementor-element-b6a06fc elementor-section-boxed elementor-section-height-default elementor-section-height-default\" data-id=\"b6a06fc\" data-element_type=\"section\" data-e-type=\"section\">\n\t\t\t\t\t\t<div class=\"elementor-container elementor-column-gap-default\">\n\t\t\t\t\t<div class=\"elementor-column elementor-col-100 elementor-top-column elementor-element elementor-element-297f659\" data-id=\"297f659\" data-element_type=\"column\" data-e-type=\"column\">\n\t\t\t<div class=\"elementor-widget-wrap elementor-element-populated\">\n\t\t\t\t\t\t<div class=\"elementor-element elementor-element-7940eac elementor-widget elementor-widget-heading\" data-id=\"7940eac\" data-element_type=\"widget\" data-e-type=\"widget\" data-widget_type=\"heading.default\">\n\t\t\t\t<div class=\"elementor-widget-container\">\n\t\t\t\t\t<h3 class=\"elementor-heading-title elementor-size-default\">Ozone Detection and Control<\/h3>\t\t\t\t<\/div>\n\t\t\t\t<\/div>\n\t\t\t\t\t<\/div>\n\t\t<\/div>\n\t\t\t\t\t<\/div>\n\t\t<\/section>\n\t\t\t\t<section class=\"elementor-section elementor-top-section elementor-element elementor-element-b9c4973 elementor-section-boxed elementor-section-height-default elementor-section-height-default\" data-id=\"b9c4973\" data-element_type=\"section\" data-e-type=\"section\">\n\t\t\t\t\t\t<div class=\"elementor-container elementor-column-gap-default\">\n\t\t\t\t\t<div class=\"elementor-column elementor-col-100 elementor-top-column elementor-element elementor-element-87b5461\" data-id=\"87b5461\" data-element_type=\"column\" data-e-type=\"column\">\n\t\t\t<div class=\"elementor-widget-wrap elementor-element-populated\">\n\t\t\t\t\t\t<div class=\"elementor-element elementor-element-fc6b038 elementor-widget elementor-widget-image\" data-id=\"fc6b038\" data-element_type=\"widget\" data-e-type=\"widget\" data-widget_type=\"image.default\">\n\t\t\t\t<div class=\"elementor-widget-container\">\n\t\t\t\t\t\t\t\t\t\t\t\t\t\t\t<img fetchpriority=\"high\" decoding=\"async\" width=\"1280\" height=\"450\" src=\"http:\/\/ozonlamasistemleri.com\/wp-content\/uploads\/2020\/12\/ozonuretim-1.jpeg\" class=\"attachment-full size-full wp-image-102\" alt=\"\" srcset=\"http:\/\/ozonlamasistemleri.com\/wp-content\/uploads\/2020\/12\/ozonuretim-1.jpeg 1280w, http:\/\/ozonlamasistemleri.com\/wp-content\/uploads\/2020\/12\/ozonuretim-1-300x105.jpeg 300w, http:\/\/ozonlamasistemleri.com\/wp-content\/uploads\/2020\/12\/ozonuretim-1-1024x360.jpeg 1024w, http:\/\/ozonlamasistemleri.com\/wp-content\/uploads\/2020\/12\/ozonuretim-1-768x270.jpeg 768w, http:\/\/ozonlamasistemleri.com\/wp-content\/uploads\/2020\/12\/ozonuretim-1-16x6.jpeg 16w, http:\/\/ozonlamasistemleri.com\/wp-content\/uploads\/2020\/12\/ozonuretim-1-600x211.jpeg 600w\" sizes=\"(max-width: 1280px) 100vw, 1280px\" \/>\t\t\t\t\t\t\t\t\t\t\t\t\t\t\t<\/div>\n\t\t\t\t<\/div>\n\t\t\t\t\t<\/div>\n\t\t<\/div>\n\t\t\t\t\t<\/div>\n\t\t<\/section>\n\t\t\t\t<section class=\"elementor-section elementor-top-section elementor-element elementor-element-c6f9eb8 elementor-section-boxed elementor-section-height-default elementor-section-height-default\" data-id=\"c6f9eb8\" data-element_type=\"section\" data-e-type=\"section\">\n\t\t\t\t\t\t<div class=\"elementor-container elementor-column-gap-default\">\n\t\t\t\t\t<div class=\"elementor-column elementor-col-100 elementor-top-column elementor-element elementor-element-b7a0cd2\" data-id=\"b7a0cd2\" data-element_type=\"column\" data-e-type=\"column\">\n\t\t\t<div class=\"elementor-widget-wrap elementor-element-populated\">\n\t\t\t\t\t\t<div class=\"elementor-element elementor-element-e72a792 elementor-widget elementor-widget-text-editor\" data-id=\"e72a792\" data-element_type=\"widget\" data-e-type=\"widget\" data-widget_type=\"text-editor.default\">\n\t\t\t\t<div class=\"elementor-widget-container\">\n\t\t\t\t\t\t\t\t\t<p class=\" translation-block\">In areas where people are together at certain times, such as airports, passenger bus terminals, shopping malls, hospitals, meeting rooms, cinemas, theaters, ozonation should be done with clocks and timetables. After that, enough time should be provided for ozone to return to oxygen, which is the first form of ozone molecule.If all these operations are performed correctly, they should be tested with ozone detectors and ozone analyzers.<\/p>\t\t\t\t\t\t\t\t<\/div>\n\t\t\t\t<\/div>\n\t\t\t\t\t<\/div>\n\t\t<\/div>\n\t\t\t\t\t<\/div>\n\t\t<\/section>\n\t\t\t\t<section class=\"elementor-section elementor-top-section elementor-element elementor-element-6e5e210 elementor-section-boxed elementor-section-height-default elementor-section-height-default\" data-id=\"6e5e210\" data-element_type=\"section\" data-e-type=\"section\">\n\t\t\t\t\t\t<div class=\"elementor-container elementor-column-gap-default\">\n\t\t\t\t\t<div class=\"elementor-column elementor-col-50 elementor-top-column elementor-element elementor-element-aaad443\" data-id=\"aaad443\" data-element_type=\"column\" data-e-type=\"column\">\n\t\t\t<div class=\"elementor-widget-wrap elementor-element-populated\">\n\t\t\t\t\t\t<div class=\"elementor-element elementor-element-1644fa8 elementor-position-top elementor-widget elementor-widget-image-box\" data-id=\"1644fa8\" data-element_type=\"widget\" data-e-type=\"widget\" data-widget_type=\"image-box.default\">\n\t\t\t\t<div class=\"elementor-widget-container\">\n\t\t\t\t\t<div class=\"elementor-image-box-wrapper\"><figure class=\"elementor-image-box-img\"><a href=\"https:\/\/ozonlamasistemleri.com\/urun\/btn-serisi-abs-plastik-govde-2-alarm-1-hata-rolesi-cikisli\/\" tabindex=\"-1\"><img decoding=\"async\" width=\"2048\" height=\"1556\" src=\"http:\/\/ozonlamasistemleri.com\/wp-content\/uploads\/2020\/12\/62-btn-series-1.jpg\" class=\"attachment-full size-full wp-image-365\" alt=\"\" srcset=\"http:\/\/ozonlamasistemleri.com\/wp-content\/uploads\/2020\/12\/62-btn-series-1.jpg 2048w, http:\/\/ozonlamasistemleri.com\/wp-content\/uploads\/2020\/12\/62-btn-series-1-300x228.jpg 300w, http:\/\/ozonlamasistemleri.com\/wp-content\/uploads\/2020\/12\/62-btn-series-1-1024x778.jpg 1024w, http:\/\/ozonlamasistemleri.com\/wp-content\/uploads\/2020\/12\/62-btn-series-1-768x584.jpg 768w, http:\/\/ozonlamasistemleri.com\/wp-content\/uploads\/2020\/12\/62-btn-series-1-1536x1167.jpg 1536w, http:\/\/ozonlamasistemleri.com\/wp-content\/uploads\/2020\/12\/62-btn-series-1-16x12.jpg 16w, http:\/\/ozonlamasistemleri.com\/wp-content\/uploads\/2020\/12\/62-btn-series-1-600x456.jpg 600w\" sizes=\"(max-width: 2048px) 100vw, 2048px\" \/><\/a><\/figure><div class=\"elementor-image-box-content\"><h4 class=\"elementor-image-box-title\"><a href=\"https:\/\/ozonlamasistemleri.com\/urun\/btn-serisi-abs-plastik-govde-2-alarm-1-hata-rolesi-cikisli\/\">Fixed Detectors-BTN Series<\/a><\/h4><p class=\"elementor-image-box-description translation-block\">BTN Series ozone gas detectors; If the residual ozone level is above 0.1 mg \/ L (ppm) determined by the <a href=\"https:\/\/www.opalozon.com\/dunya-saglik-orgutu-who-world-health-administration\/\" target=\"\"><u>World Health Organization<\/u> <\/a>, it gives a warning about whether the environment is usable with red led and green led indicators below it. It is economical and easy to use.<\/p><\/div><\/div>\t\t\t\t<\/div>\n\t\t\t\t<\/div>\n\t\t\t\t\t<\/div>\n\t\t<\/div>\n\t\t\t\t<div class=\"elementor-column elementor-col-50 elementor-top-column elementor-element elementor-element-70fe79e\" data-id=\"70fe79e\" data-element_type=\"column\" data-e-type=\"column\">\n\t\t\t<div class=\"elementor-widget-wrap elementor-element-populated\">\n\t\t\t\t\t\t<div class=\"elementor-element elementor-element-7491717 elementor-position-top elementor-widget elementor-widget-image-box\" data-id=\"7491717\" data-element_type=\"widget\" data-e-type=\"widget\" data-widget_type=\"image-box.default\">\n\t\t\t\t<div class=\"elementor-widget-container\">\n\t\t\t\t\t<div class=\"elementor-image-box-wrapper\"><figure class=\"elementor-image-box-img\"><a href=\"https:\/\/ozonlamasistemleri.com\/urun\/pqd-serisi-ex-proof-ekranli-4-20-ma-cikisli\/\" tabindex=\"-1\"><img decoding=\"async\" width=\"2048\" height=\"1556\" src=\"http:\/\/ozonlamasistemleri.com\/wp-content\/uploads\/2020\/12\/485-pqd-series-2.jpg\" class=\"attachment-full size-full wp-image-369\" alt=\"\" srcset=\"http:\/\/ozonlamasistemleri.com\/wp-content\/uploads\/2020\/12\/485-pqd-series-2.jpg 2048w, http:\/\/ozonlamasistemleri.com\/wp-content\/uploads\/2020\/12\/485-pqd-series-2-300x228.jpg 300w, http:\/\/ozonlamasistemleri.com\/wp-content\/uploads\/2020\/12\/485-pqd-series-2-1024x778.jpg 1024w, http:\/\/ozonlamasistemleri.com\/wp-content\/uploads\/2020\/12\/485-pqd-series-2-768x584.jpg 768w, http:\/\/ozonlamasistemleri.com\/wp-content\/uploads\/2020\/12\/485-pqd-series-2-1536x1167.jpg 1536w, http:\/\/ozonlamasistemleri.com\/wp-content\/uploads\/2020\/12\/485-pqd-series-2-16x12.jpg 16w, http:\/\/ozonlamasistemleri.com\/wp-content\/uploads\/2020\/12\/485-pqd-series-2-600x456.jpg 600w\" sizes=\"(max-width: 2048px) 100vw, 2048px\" \/><\/a><\/figure><div class=\"elementor-image-box-content\"><h3 class=\"elementor-image-box-title\"><a href=\"https:\/\/ozonlamasistemleri.com\/urun\/pqd-serisi-ex-proof-ekranli-4-20-ma-cikisli\/\">Fixed Detectors-PQ Series<\/a><\/h3><p class=\"elementor-image-box-description\">PQ Series ozone gas detectors; It detects the ozone level in areas where ozone gas has been applied and works integrated with other machinery and equipment to report whether the environment is suitable for human use. It can give 4-20 mA analog and relay output at the programmed value. The model that is more suitable for industrial applications is the digital display. With ATEX, IECEx, EN 60079-29-1 and SIL2 certificates, it is ready to be used in the harshest environmental conditions with IP65 protection class. Calibration is possible. <\/p><\/div><\/div>\t\t\t\t<\/div>\n\t\t\t\t<\/div>\n\t\t\t\t\t<\/div>\n\t\t<\/div>\n\t\t\t\t\t<\/div>\n\t\t<\/section>\n\t\t\t\t<section class=\"elementor-section elementor-top-section elementor-element elementor-element-698c550 elementor-section-content-top elementor-section-boxed elementor-section-height-default elementor-section-height-default\" data-id=\"698c550\" data-element_type=\"section\" data-e-type=\"section\">\n\t\t\t\t\t\t<div class=\"elementor-container elementor-column-gap-default\">\n\t\t\t\t\t<div class=\"elementor-column elementor-col-50 elementor-top-column elementor-element elementor-element-627941b\" data-id=\"627941b\" data-element_type=\"column\" data-e-type=\"column\">\n\t\t\t<div class=\"elementor-widget-wrap elementor-element-populated\">\n\t\t\t\t\t\t<div class=\"elementor-element elementor-element-8e956dc elementor-position-top elementor-widget elementor-widget-image-box\" data-id=\"8e956dc\" data-element_type=\"widget\" data-e-type=\"widget\" data-widget_type=\"image-box.default\">\n\t\t\t\t<div class=\"elementor-widget-container\">\n\t\t\t\t\t<div class=\"elementor-image-box-wrapper\"><figure class=\"elementor-image-box-img\"><a href=\"https:\/\/ozonlamasistemleri.com\/urun\/gasman\/\" tabindex=\"-1\"><img loading=\"lazy\" decoding=\"async\" width=\"700\" height=\"550\" src=\"http:\/\/ozonlamasistemleri.com\/wp-content\/uploads\/2021\/01\/gasman1.jpg\" class=\"attachment-full size-full wp-image-634\" alt=\"\" srcset=\"http:\/\/ozonlamasistemleri.com\/wp-content\/uploads\/2021\/01\/gasman1.jpg 700w, http:\/\/ozonlamasistemleri.com\/wp-content\/uploads\/2021\/01\/gasman1-300x236.jpg 300w, http:\/\/ozonlamasistemleri.com\/wp-content\/uploads\/2021\/01\/gasman1-16x12.jpg 16w, http:\/\/ozonlamasistemleri.com\/wp-content\/uploads\/2021\/01\/gasman1-600x471.jpg 600w\" sizes=\"(max-width: 700px) 100vw, 700px\" \/><\/a><\/figure><div class=\"elementor-image-box-content\"><h4 class=\"elementor-image-box-title\"><a href=\"https:\/\/ozonlamasistemleri.com\/urun\/gasman\/\">Portable Detectors-Gasman<\/a><\/h4><p class=\"elementor-image-box-description\">Gas-Pro Portable Gas Detector is a completely reliable gas detection equipment that detects unwanted gases in the environment and gives warning. It has options that can detect both single gas and multi-gas for personal or portable security applications.<\/p><\/div><\/div>\t\t\t\t<\/div>\n\t\t\t\t<\/div>\n\t\t\t\t\t<\/div>\n\t\t<\/div>\n\t\t\t\t<div class=\"elementor-column elementor-col-50 elementor-top-column elementor-element elementor-element-3514c72\" data-id=\"3514c72\" data-element_type=\"column\" data-e-type=\"column\">\n\t\t\t<div class=\"elementor-widget-wrap elementor-element-populated\">\n\t\t\t\t\t\t<div class=\"elementor-element elementor-element-1c63b85 elementor-position-top elementor-widget elementor-widget-image-box\" data-id=\"1c63b85\" data-element_type=\"widget\" data-e-type=\"widget\" data-widget_type=\"image-box.default\">\n\t\t\t\t<div class=\"elementor-widget-container\">\n\t\t\t\t\t<div class=\"elementor-image-box-wrapper\"><figure class=\"elementor-image-box-img\"><a href=\"https:\/\/ozonlamasistemleri.com\/urun\/komyo-kitagawa-gaz-dedektor-tup-sistemi\/\" tabindex=\"-1\"><img loading=\"lazy\" decoding=\"async\" width=\"662\" height=\"570\" src=\"http:\/\/ozonlamasistemleri.com\/wp-content\/uploads\/2020\/12\/Resim1.png\" class=\"attachment-full size-full wp-image-375\" alt=\"\" srcset=\"http:\/\/ozonlamasistemleri.com\/wp-content\/uploads\/2020\/12\/Resim1.png 662w, http:\/\/ozonlamasistemleri.com\/wp-content\/uploads\/2020\/12\/Resim1-300x258.png 300w, http:\/\/ozonlamasistemleri.com\/wp-content\/uploads\/2020\/12\/Resim1-14x12.png 14w, http:\/\/ozonlamasistemleri.com\/wp-content\/uploads\/2020\/12\/Resim1-600x517.png 600w\" sizes=\"(max-width: 662px) 100vw, 662px\" \/><\/a><\/figure><div class=\"elementor-image-box-content\"><h3 class=\"elementor-image-box-title\"><a href=\"https:\/\/ozonlamasistemleri.com\/urun\/komyo-kitagawa-gaz-dedektor-tup-sistemi\/\"> Komyo Kitagawa Gas Detector Tube System <\/a><\/h3><p class=\"elementor-image-box-description\">AP-20 pump with instant gas measurement system and color changing method. (General detection tubes for inorganic \u2013 organic gases)<\/p><\/div><\/div>\t\t\t\t<\/div>\n\t\t\t\t<\/div>\n\t\t\t\t\t<\/div>\n\t\t<\/div>\n\t\t\t\t\t<\/div>\n\t\t<\/section>\n\t\t\t\t<\/div>","protected":false},"excerpt":{"rendered":"<p>Ozon \u00d6l\u00e7\u00fcm ve Kontrol\u00fc \u0130nsanlar\u0131n toplu halde bulundu\u011fu ortamlarda havaalanlar\u0131, yolcu otob\u00fcs terminalleri, al\u0131\u015fveri\u015f merkezleri, hastaneler, toplant\u0131 salonlar\u0131, sinema, tiyatro salonlar\u0131 ve benzeri yerlerde ise&hellip;<\/p>","protected":false},"author":1,"featured_media":0,"parent":0,"menu_order":0,"comment_status":"closed","ping_status":"closed","template":"","meta":{"footnotes":""},"class_list":["post-363","page","type-page","status-publish","hentry"],"_links":{"self":[{"href":"http:\/\/ozonlamasistemleri.com\/en\/wp-json\/wp\/v2\/pages\/363","targetHints":{"allow":["GET"]}}],"collection":[{"href":"http:\/\/ozonlamasistemleri.com\/en\/wp-json\/wp\/v2\/pages"}],"about":[{"href":"http:\/\/ozonlamasistemleri.com\/en\/wp-json\/wp\/v2\/types\/page"}],"author":[{"embeddable":true,"href":"http:\/\/ozonlamasistemleri.com\/en\/wp-json\/wp\/v2\/users\/1"}],"replies":[{"embeddable":true,"href":"http:\/\/ozonlamasistemleri.com\/en\/wp-json\/wp\/v2\/comments?post=363"}],"version-history":[{"count":47,"href":"http:\/\/ozonlamasistemleri.com\/en\/wp-json\/wp\/v2\/pages\/363\/revisions"}],"predecessor-version":[{"id":1832,"href":"http:\/\/ozonlamasistemleri.com\/en\/wp-json\/wp\/v2\/pages\/363\/revisions\/1832"}],"wp:attachment":[{"href":"http:\/\/ozonlamasistemleri.com\/en\/wp-json\/wp\/v2\/media?parent=363"}],"curies":[{"name":"wp","href":"https:\/\/api.w.org\/{rel}","templated":true}]}}