{"id":589,"date":"2021-01-03T15:35:44","date_gmt":"2021-01-03T12:35:44","guid":{"rendered":"https:\/\/www.opalozon.com\/?page_id=589"},"modified":"2022-09-17T19:32:41","modified_gmt":"2022-09-17T16:32:41","slug":"galeri","status":"publish","type":"page","link":"http:\/\/ozonlamasistemleri.com\/en\/galeri\/","title":{"rendered":"Gallery"},"content":{"rendered":"<div data-elementor-type=\"wp-page\" data-elementor-id=\"589\" class=\"elementor elementor-589\" data-elementor-post-type=\"page\">\n\t\t\t\t\t\t<section class=\"elementor-section elementor-top-section elementor-element elementor-element-697c60a elementor-section-boxed elementor-section-height-default elementor-section-height-default\" data-id=\"697c60a\" data-element_type=\"section\" data-e-type=\"section\">\n\t\t\t\t\t\t<div class=\"elementor-container elementor-column-gap-default\">\n\t\t\t\t\t<div class=\"elementor-column elementor-col-100 elementor-top-column elementor-element elementor-element-375b21f\" data-id=\"375b21f\" data-element_type=\"column\" data-e-type=\"column\">\n\t\t\t<div class=\"elementor-widget-wrap elementor-element-populated\">\n\t\t\t\t\t\t<div class=\"elementor-element elementor-element-f4a0515 elementor-widget elementor-widget-text-editor\" data-id=\"f4a0515\" data-element_type=\"widget\" data-e-type=\"widget\" data-widget_type=\"text-editor.default\">\n\t\t\t\t<div class=\"elementor-widget-container\">\n\t\t\t\t\t\t\t\t\t<h3>Some Examples Of Ozone Generators In Our Daily Lives<\/h3>\t\t\t\t\t\t\t\t<\/div>\n\t\t\t\t<\/div>\n\t\t\t\t\t<\/div>\n\t\t<\/div>\n\t\t\t\t\t<\/div>\n\t\t<\/section>\n\t\t\t\t<section class=\"elementor-section elementor-top-section elementor-element elementor-element-726dcf5c elementor-section-boxed elementor-section-height-default elementor-section-height-default\" data-id=\"726dcf5c\" data-element_type=\"section\" data-e-type=\"section\">\n\t\t\t\t\t\t<div class=\"elementor-container elementor-column-gap-default\">\n\t\t\t\t\t<div class=\"elementor-column elementor-col-100 elementor-top-column elementor-element elementor-element-484c1389\" data-id=\"484c1389\" data-element_type=\"column\" data-e-type=\"column\">\n\t\t\t<div class=\"elementor-widget-wrap elementor-element-populated\">\n\t\t\t\t\t\t<div class=\"elementor-element elementor-element-372c8e76 elementor-widget elementor-widget-text-editor\" data-id=\"372c8e76\" data-element_type=\"widget\" data-e-type=\"widget\" data-widget_type=\"text-editor.default\">\n\t\t\t\t<div class=\"elementor-widget-container\">\n\t\t\t\t\t\t\t\t\t\t\t\t\t\t\t\t\t<\/div>\n\t\t\t\t<\/div>\n\t\t\t\t\t<\/div>\n\t\t<\/div>\n\t\t\t\t\t<\/div>\n\t\t<\/section>\n\t\t\t\t<section class=\"elementor-section elementor-top-section elementor-element elementor-element-5a7787d elementor-section-boxed elementor-section-height-default elementor-section-height-default\" data-id=\"5a7787d\" data-element_type=\"section\" data-e-type=\"section\">\n\t\t\t\t\t\t<div class=\"elementor-container elementor-column-gap-default\">\n\t\t\t\t\t<div class=\"elementor-column elementor-col-100 elementor-top-column elementor-element elementor-element-8a6e63b\" data-id=\"8a6e63b\" data-element_type=\"column\" data-e-type=\"column\">\n\t\t\t<div class=\"elementor-widget-wrap elementor-element-populated\">\n\t\t\t\t\t\t<div class=\"elementor-element elementor-element-95d01a8 elementor-arrows-position-outside elementor-pagination-position-outside elementor-widget elementor-widget-image-carousel\" data-id=\"95d01a8\" data-element_type=\"widget\" data-e-type=\"widget\" data-settings=\"{&quot;slides_to_show&quot;:&quot;3&quot;,&quot;slides_to_scroll&quot;:&quot;3&quot;,&quot;autoplay_speed&quot;:3000,&quot;navigation&quot;:&quot;both&quot;,&quot;autoplay&quot;:&quot;yes&quot;,&quot;pause_on_hover&quot;:&quot;yes&quot;,&quot;pause_on_interaction&quot;:&quot;yes&quot;,&quot;infinite&quot;:&quot;yes&quot;,&quot;speed&quot;:500,&quot;image_spacing_custom&quot;:{&quot;unit&quot;:&quot;px&quot;,&quot;size&quot;:20,&quot;sizes&quot;:[]},&quot;image_spacing_custom_tablet&quot;:{&quot;unit&quot;:&quot;px&quot;,&quot;size&quot;:&quot;&quot;,&quot;sizes&quot;:[]},&quot;image_spacing_custom_mobile&quot;:{&quot;unit&quot;:&quot;px&quot;,&quot;size&quot;:&quot;&quot;,&quot;sizes&quot;:[]}}\" data-widget_type=\"image-carousel.default\">\n\t\t\t\t<div class=\"elementor-widget-container\">\n\t\t\t\t\t\t\t<div class=\"elementor-image-carousel-wrapper swiper\" role=\"region\" aria-roledescription=\"carousel\" aria-label=\"Image Carousel\" dir=\"ltr\">\n\t\t\t<div class=\"elementor-image-carousel swiper-wrapper\" aria-live=\"off\">\n\t\t\t\t\t\t\t\t<div class=\"swiper-slide\" role=\"group\" aria-roledescription=\"slide\" aria-label=\"1 of 9\" data-no-translation-aria-label=\"\"><a data-elementor-open-lightbox=\"yes\" data-elementor-lightbox-slideshow=\"95d01a8\" data-elementor-lightbox-title=\"IMG_20201216_122133\" data-e-action-hash=\"#elementor-action%3Aaction%3Dlightbox%26settings%3DeyJpZCI6NTkxLCJ1cmwiOiJodHRwOlwvXC9vem9ubGFtYXNpc3RlbWxlcmkuY29tXC93cC1jb250ZW50XC91cGxvYWRzXC8yMDIxXC8wMVwvSU1HXzIwMjAxMjE2XzEyMjEzMy1zY2FsZWQuanBnIiwic2xpZGVzaG93IjoiOTVkMDFhOCJ9\" href=\"http:\/\/ozonlamasistemleri.com\/wp-content\/uploads\/2021\/01\/IMG_20201216_122133-scaled.jpg\"><figure class=\"swiper-slide-inner\"><img decoding=\"async\" class=\"swiper-slide-image\" src=\"http:\/\/ozonlamasistemleri.com\/wp-content\/uploads\/2021\/01\/IMG_20201216_122133-scaled.jpg\" alt=\"IMG_20201216_122133\" \/><\/figure><\/a><\/div><div class=\"swiper-slide\" role=\"group\" aria-roledescription=\"slide\" aria-label=\"2 of 9\" data-no-translation-aria-label=\"\"><a data-elementor-open-lightbox=\"yes\" data-elementor-lightbox-slideshow=\"95d01a8\" data-elementor-lightbox-title=\"IMG_20201216_123518\" data-e-action-hash=\"#elementor-action%3Aaction%3Dlightbox%26settings%3DeyJpZCI6NTkyLCJ1cmwiOiJodHRwOlwvXC9vem9ubGFtYXNpc3RlbWxlcmkuY29tXC93cC1jb250ZW50XC91cGxvYWRzXC8yMDIxXC8wMVwvSU1HXzIwMjAxMjE2XzEyMzUxOC1zY2FsZWQuanBnIiwic2xpZGVzaG93IjoiOTVkMDFhOCJ9\" href=\"http:\/\/ozonlamasistemleri.com\/wp-content\/uploads\/2021\/01\/IMG_20201216_123518-scaled.jpg\"><figure class=\"swiper-slide-inner\"><img decoding=\"async\" class=\"swiper-slide-image\" src=\"http:\/\/ozonlamasistemleri.com\/wp-content\/uploads\/2021\/01\/IMG_20201216_123518-scaled.jpg\" alt=\"IMG_20201216_123518\" \/><\/figure><\/a><\/div><div class=\"swiper-slide\" role=\"group\" aria-roledescription=\"slide\" aria-label=\"3 of 9\" data-no-translation-aria-label=\"\"><a data-elementor-open-lightbox=\"yes\" data-elementor-lightbox-slideshow=\"95d01a8\" data-elementor-lightbox-title=\"IMG_20201216_123543\" data-e-action-hash=\"#elementor-action%3Aaction%3Dlightbox%26settings%3DeyJpZCI6NTkzLCJ1cmwiOiJodHRwOlwvXC9vem9ubGFtYXNpc3RlbWxlcmkuY29tXC93cC1jb250ZW50XC91cGxvYWRzXC8yMDIxXC8wMVwvSU1HXzIwMjAxMjE2XzEyMzU0My1zY2FsZWQuanBnIiwic2xpZGVzaG93IjoiOTVkMDFhOCJ9\" href=\"http:\/\/ozonlamasistemleri.com\/wp-content\/uploads\/2021\/01\/IMG_20201216_123543-scaled.jpg\"><figure class=\"swiper-slide-inner\"><img decoding=\"async\" class=\"swiper-slide-image\" src=\"http:\/\/ozonlamasistemleri.com\/wp-content\/uploads\/2021\/01\/IMG_20201216_123543-scaled.jpg\" alt=\"IMG_20201216_123543\" \/><\/figure><\/a><\/div><div class=\"swiper-slide\" role=\"group\" aria-roledescription=\"slide\" aria-label=\"4 of 9\" data-no-translation-aria-label=\"\"><a data-elementor-open-lightbox=\"yes\" data-elementor-lightbox-slideshow=\"95d01a8\" data-elementor-lightbox-title=\"IMG_20201216_125320\" data-e-action-hash=\"#elementor-action%3Aaction%3Dlightbox%26settings%3DeyJpZCI6NTk1LCJ1cmwiOiJodHRwOlwvXC9vem9ubGFtYXNpc3RlbWxlcmkuY29tXC93cC1jb250ZW50XC91cGxvYWRzXC8yMDIxXC8wMVwvSU1HXzIwMjAxMjE2XzEyNTMyMC1zY2FsZWQuanBnIiwic2xpZGVzaG93IjoiOTVkMDFhOCJ9\" href=\"http:\/\/ozonlamasistemleri.com\/wp-content\/uploads\/2021\/01\/IMG_20201216_125320-scaled.jpg\"><figure class=\"swiper-slide-inner\"><img decoding=\"async\" class=\"swiper-slide-image\" src=\"http:\/\/ozonlamasistemleri.com\/wp-content\/uploads\/2021\/01\/IMG_20201216_125320-scaled.jpg\" alt=\"IMG_20201216_125320\" \/><\/figure><\/a><\/div><div class=\"swiper-slide\" role=\"group\" aria-roledescription=\"slide\" aria-label=\"5 of 9\" data-no-translation-aria-label=\"\"><a data-elementor-open-lightbox=\"yes\" data-elementor-lightbox-slideshow=\"95d01a8\" data-elementor-lightbox-title=\"IMG_20201216_131408\" data-e-action-hash=\"#elementor-action%3Aaction%3Dlightbox%26settings%3DeyJpZCI6NTk2LCJ1cmwiOiJodHRwOlwvXC9vem9ubGFtYXNpc3RlbWxlcmkuY29tXC93cC1jb250ZW50XC91cGxvYWRzXC8yMDIxXC8wMVwvSU1HXzIwMjAxMjE2XzEzMTQwOC1zY2FsZWQuanBnIiwic2xpZGVzaG93IjoiOTVkMDFhOCJ9\" href=\"http:\/\/ozonlamasistemleri.com\/wp-content\/uploads\/2021\/01\/IMG_20201216_131408-scaled.jpg\"><figure class=\"swiper-slide-inner\"><img decoding=\"async\" class=\"swiper-slide-image\" src=\"http:\/\/ozonlamasistemleri.com\/wp-content\/uploads\/2021\/01\/IMG_20201216_131408-scaled.jpg\" alt=\"IMG_20201216_131408\" \/><\/figure><\/a><\/div><div class=\"swiper-slide\" role=\"group\" aria-roledescription=\"slide\" aria-label=\"6 of 9\" data-no-translation-aria-label=\"\"><a data-elementor-open-lightbox=\"yes\" data-elementor-lightbox-slideshow=\"95d01a8\" data-elementor-lightbox-title=\"IMG_20201216_134436\" data-e-action-hash=\"#elementor-action%3Aaction%3Dlightbox%26settings%3DeyJpZCI6NTk3LCJ1cmwiOiJodHRwOlwvXC9vem9ubGFtYXNpc3RlbWxlcmkuY29tXC93cC1jb250ZW50XC91cGxvYWRzXC8yMDIxXC8wMVwvSU1HXzIwMjAxMjE2XzEzNDQzNi1zY2FsZWQuanBnIiwic2xpZGVzaG93IjoiOTVkMDFhOCJ9\" href=\"http:\/\/ozonlamasistemleri.com\/wp-content\/uploads\/2021\/01\/IMG_20201216_134436-scaled.jpg\"><figure class=\"swiper-slide-inner\"><img decoding=\"async\" class=\"swiper-slide-image\" src=\"http:\/\/ozonlamasistemleri.com\/wp-content\/uploads\/2021\/01\/IMG_20201216_134436-scaled.jpg\" alt=\"IMG_20201216_134436\" \/><\/figure><\/a><\/div><div class=\"swiper-slide\" role=\"group\" aria-roledescription=\"slide\" aria-label=\"7 of 9\" data-no-translation-aria-label=\"\"><a data-elementor-open-lightbox=\"yes\" data-elementor-lightbox-slideshow=\"95d01a8\" data-elementor-lightbox-title=\"IMG_20201222_113812\" data-e-action-hash=\"#elementor-action%3Aaction%3Dlightbox%26settings%3DeyJpZCI6NTk4LCJ1cmwiOiJodHRwOlwvXC9vem9ubGFtYXNpc3RlbWxlcmkuY29tXC93cC1jb250ZW50XC91cGxvYWRzXC8yMDIxXC8wMVwvSU1HXzIwMjAxMjIyXzExMzgxMi1zY2FsZWQuanBnIiwic2xpZGVzaG93IjoiOTVkMDFhOCJ9\" href=\"http:\/\/ozonlamasistemleri.com\/wp-content\/uploads\/2021\/01\/IMG_20201222_113812-scaled.jpg\"><figure class=\"swiper-slide-inner\"><img decoding=\"async\" class=\"swiper-slide-image\" src=\"http:\/\/ozonlamasistemleri.com\/wp-content\/uploads\/2021\/01\/IMG_20201222_113812-scaled.jpg\" alt=\"IMG_20201222_113812\" \/><\/figure><\/a><\/div><div class=\"swiper-slide\" role=\"group\" aria-roledescription=\"slide\" aria-label=\"8 of 9\" data-no-translation-aria-label=\"\"><a data-elementor-open-lightbox=\"yes\" data-elementor-lightbox-slideshow=\"95d01a8\" data-elementor-lightbox-title=\"IMG_20201222_113818\" data-e-action-hash=\"#elementor-action%3Aaction%3Dlightbox%26settings%3DeyJpZCI6NTk5LCJ1cmwiOiJodHRwOlwvXC9vem9ubGFtYXNpc3RlbWxlcmkuY29tXC93cC1jb250ZW50XC91cGxvYWRzXC8yMDIxXC8wMVwvSU1HXzIwMjAxMjIyXzExMzgxOC1zY2FsZWQuanBnIiwic2xpZGVzaG93IjoiOTVkMDFhOCJ9\" href=\"http:\/\/ozonlamasistemleri.com\/wp-content\/uploads\/2021\/01\/IMG_20201222_113818-scaled.jpg\"><figure class=\"swiper-slide-inner\"><img decoding=\"async\" class=\"swiper-slide-image\" src=\"http:\/\/ozonlamasistemleri.com\/wp-content\/uploads\/2021\/01\/IMG_20201222_113818-scaled.jpg\" alt=\"IMG_20201222_113818\" \/><\/figure><\/a><\/div><div class=\"swiper-slide\" role=\"group\" aria-roledescription=\"slide\" aria-label=\"9 of 9\" data-no-translation-aria-label=\"\"><a data-elementor-open-lightbox=\"yes\" data-elementor-lightbox-slideshow=\"95d01a8\" data-elementor-lightbox-title=\"IMG_20201222_113827\" data-e-action-hash=\"#elementor-action%3Aaction%3Dlightbox%26settings%3DeyJpZCI6NjAwLCJ1cmwiOiJodHRwOlwvXC9vem9ubGFtYXNpc3RlbWxlcmkuY29tXC93cC1jb250ZW50XC91cGxvYWRzXC8yMDIxXC8wMVwvSU1HXzIwMjAxMjIyXzExMzgyNy1zY2FsZWQuanBnIiwic2xpZGVzaG93IjoiOTVkMDFhOCJ9\" href=\"http:\/\/ozonlamasistemleri.com\/wp-content\/uploads\/2021\/01\/IMG_20201222_113827-scaled.jpg\"><figure class=\"swiper-slide-inner\"><img decoding=\"async\" class=\"swiper-slide-image\" src=\"http:\/\/ozonlamasistemleri.com\/wp-content\/uploads\/2021\/01\/IMG_20201222_113827-scaled.jpg\" alt=\"IMG_20201222_113827\" \/><\/figure><\/a><\/div>\t\t\t<\/div>\n\t\t\t\t\t\t\t\t\t\t\t\t<div class=\"elementor-swiper-button elementor-swiper-button-prev\" role=\"button\" tabindex=\"0\">\n\t\t\t\t\t\t<i aria-hidden=\"true\" class=\"eicon-chevron-left\"><\/i>\t\t\t\t\t<\/div>\n\t\t\t\t\t<div class=\"elementor-swiper-button elementor-swiper-button-next\" role=\"button\" tabindex=\"0\">\n\t\t\t\t\t\t<i aria-hidden=\"true\" class=\"eicon-chevron-right\"><\/i>\t\t\t\t\t<\/div>\n\t\t\t\t\n\t\t\t\t\t\t\t\t\t<div class=\"swiper-pagination\"><\/div>\n\t\t\t\t\t\t\t\t\t<\/div>\n\t\t\t\t\t\t<\/div>\n\t\t\t\t<\/div>\n\t\t\t\t\t<\/div>\n\t\t<\/div>\n\t\t\t\t\t<\/div>\n\t\t<\/section>\n\t\t\t\t<section class=\"elementor-section elementor-top-section elementor-element elementor-element-d8c5ca3 elementor-section-boxed elementor-section-height-default elementor-section-height-default\" data-id=\"d8c5ca3\" data-element_type=\"section\" data-e-type=\"section\">\n\t\t\t\t\t\t<div class=\"elementor-container elementor-column-gap-default\">\n\t\t\t\t\t<div class=\"elementor-column elementor-col-100 elementor-top-column elementor-element elementor-element-e8a5898\" data-id=\"e8a5898\" data-element_type=\"column\" data-e-type=\"column\">\n\t\t\t<div class=\"elementor-widget-wrap elementor-element-populated\">\n\t\t\t\t\t\t<div class=\"elementor-element elementor-element-1447984 elementor-align-center elementor-widget elementor-widget-button\" data-id=\"1447984\" data-element_type=\"widget\" data-e-type=\"widget\" data-widget_type=\"button.default\">\n\t\t\t\t<div class=\"elementor-widget-container\">\n\t\t\t\t\t\t\t\t\t<div class=\"elementor-button-wrapper\">\n\t\t\t\t\t<a class=\"elementor-button elementor-button-link elementor-size-lg\" href=\"https:\/\/ozonlamasistemleri.com\/magaza\/\">\n\t\t\t\t\t\t<span class=\"elementor-button-content-wrapper\">\n\t\t\t\t\t\t<span class=\"elementor-button-icon\">\n\t\t\t\t<i aria-hidden=\"true\" class=\"fas fa-store-alt\"><\/i>\t\t\t<\/span>\n\t\t\t\t\t\t\t\t\t<span class=\"elementor-button-text\">Click here to review all our products<\/span>\n\t\t\t\t\t<\/span>\n\t\t\t\t\t<\/a>\n\t\t\t\t<\/div>\n\t\t\t\t\t\t\t\t<\/div>\n\t\t\t\t<\/div>\n\t\t\t\t\t<\/div>\n\t\t<\/div>\n\t\t\t\t\t<\/div>\n\t\t<\/section>\n\t\t\t\t<section class=\"elementor-section elementor-top-section elementor-element elementor-element-a38bd05 elementor-section-boxed elementor-section-height-default elementor-section-height-default\" data-id=\"a38bd05\" data-element_type=\"section\" data-e-type=\"section\">\n\t\t\t\t\t\t<div class=\"elementor-container elementor-column-gap-default\">\n\t\t\t\t\t<div class=\"elementor-column elementor-col-100 elementor-top-column elementor-element elementor-element-47a2734\" data-id=\"47a2734\" data-element_type=\"column\" data-e-type=\"column\">\n\t\t\t<div class=\"elementor-widget-wrap\">\n\t\t\t\t\t\t\t<\/div>\n\t\t<\/div>\n\t\t\t\t\t<\/div>\n\t\t<\/section>\n\t\t\t\t<\/div>","protected":false},"excerpt":{"rendered":"<p>G\u00fcnl\u00fck Hayat Kullan\u0131m \u00d6rnekleri \u00d6nceki Sonraki T\u00fcm \u00dcr\u00fcnlerimizi \u0130ncelemek \u0130\u00e7in T\u0131klay\u0131n\u0131z<\/p>","protected":false},"author":1,"featured_media":0,"parent":0,"menu_order":0,"comment_status":"closed","ping_status":"closed","template":"","meta":{"footnotes":""},"class_list":["post-589","page","type-page","status-publish","hentry"],"_links":{"self":[{"href":"http:\/\/ozonlamasistemleri.com\/en\/wp-json\/wp\/v2\/pages\/589","targetHints":{"allow":["GET"]}}],"collection":[{"href":"http:\/\/ozonlamasistemleri.com\/en\/wp-json\/wp\/v2\/pages"}],"about":[{"href":"http:\/\/ozonlamasistemleri.com\/en\/wp-json\/wp\/v2\/types\/page"}],"author":[{"embeddable":true,"href":"http:\/\/ozonlamasistemleri.com\/en\/wp-json\/wp\/v2\/users\/1"}],"replies":[{"embeddable":true,"href":"http:\/\/ozonlamasistemleri.com\/en\/wp-json\/wp\/v2\/comments?post=589"}],"version-history":[{"count":10,"href":"http:\/\/ozonlamasistemleri.com\/en\/wp-json\/wp\/v2\/pages\/589\/revisions"}],"predecessor-version":[{"id":1736,"href":"http:\/\/ozonlamasistemleri.com\/en\/wp-json\/wp\/v2\/pages\/589\/revisions\/1736"}],"wp:attachment":[{"href":"http:\/\/ozonlamasistemleri.com\/en\/wp-json\/wp\/v2\/media?parent=589"}],"curies":[{"name":"wp","href":"https:\/\/api.w.org\/{rel}","templated":true}]}}