{"id":96,"date":"2020-12-19T13:22:00","date_gmt":"2020-12-19T13:22:00","guid":{"rendered":"https:\/\/www.opalozon.com\/?page_id=96"},"modified":"2025-02-26T19:42:09","modified_gmt":"2025-02-26T16:42:09","slug":"ozon-uretimi","status":"publish","type":"page","link":"http:\/\/ozonlamasistemleri.com\/en\/ozon-uretimi\/","title":{"rendered":"Ozone Production"},"content":{"rendered":"<div data-elementor-type=\"wp-page\" data-elementor-id=\"96\" class=\"elementor elementor-96\" data-elementor-post-type=\"page\">\n\t\t\t\t\t\t<section class=\"elementor-section elementor-top-section elementor-element elementor-element-9b88745 elementor-section-boxed elementor-section-height-default elementor-section-height-default\" data-id=\"9b88745\" data-element_type=\"section\" data-e-type=\"section\">\n\t\t\t\t\t\t<div class=\"elementor-container elementor-column-gap-default\">\n\t\t\t\t\t<div class=\"elementor-column elementor-col-100 elementor-top-column elementor-element elementor-element-41346fc\" data-id=\"41346fc\" data-element_type=\"column\" data-e-type=\"column\">\n\t\t\t<div class=\"elementor-widget-wrap elementor-element-populated\">\n\t\t\t\t\t\t<div class=\"elementor-element elementor-element-5766455 elementor-widget elementor-widget-image\" data-id=\"5766455\" data-element_type=\"widget\" data-e-type=\"widget\" data-widget_type=\"image.default\">\n\t\t\t\t<div class=\"elementor-widget-container\">\n\t\t\t\t\t\t\t\t\t\t\t\t\t\t\t<img fetchpriority=\"high\" decoding=\"async\" width=\"843\" height=\"425\" src=\"http:\/\/ozonlamasistemleri.com\/wp-content\/uploads\/2021\/01\/ozone-success-stories-header-2.jpg\" class=\"attachment-large size-large wp-image-903\" alt=\"\" srcset=\"http:\/\/ozonlamasistemleri.com\/wp-content\/uploads\/2021\/01\/ozone-success-stories-header-2.jpg 864w, http:\/\/ozonlamasistemleri.com\/wp-content\/uploads\/2021\/01\/ozone-success-stories-header-2-300x151.jpg 300w, http:\/\/ozonlamasistemleri.com\/wp-content\/uploads\/2021\/01\/ozone-success-stories-header-2-768x388.jpg 768w, http:\/\/ozonlamasistemleri.com\/wp-content\/uploads\/2021\/01\/ozone-success-stories-header-2-16x8.jpg 16w, http:\/\/ozonlamasistemleri.com\/wp-content\/uploads\/2021\/01\/ozone-success-stories-header-2-600x303.jpg 600w\" sizes=\"(max-width: 843px) 100vw, 843px\" \/>\t\t\t\t\t\t\t\t\t\t\t\t\t\t\t<\/div>\n\t\t\t\t<\/div>\n\t\t\t\t\t<\/div>\n\t\t<\/div>\n\t\t\t\t\t<\/div>\n\t\t<\/section>\n\t\t\t\t<section class=\"elementor-section elementor-top-section elementor-element elementor-element-32ba8253 elementor-section-boxed elementor-section-height-default elementor-section-height-default\" data-id=\"32ba8253\" data-element_type=\"section\" data-e-type=\"section\">\n\t\t\t\t\t\t<div class=\"elementor-container elementor-column-gap-default\">\n\t\t\t\t\t<div class=\"elementor-column elementor-col-100 elementor-top-column elementor-element elementor-element-5a983099\" data-id=\"5a983099\" data-element_type=\"column\" data-e-type=\"column\">\n\t\t\t<div class=\"elementor-widget-wrap elementor-element-populated\">\n\t\t\t\t\t\t<div class=\"elementor-element elementor-element-5a4aeaa7 elementor-widget elementor-widget-text-editor\" data-id=\"5a4aeaa7\" data-element_type=\"widget\" data-e-type=\"widget\" data-widget_type=\"text-editor.default\">\n\t\t\t\t<div class=\"elementor-widget-container\">\n\t\t\t\t\t\t\t\t\t\n<p>Ozone production can be carried out in different ways, based primarily on the breakdown of the oxygen molecule into two highly unstable oxygen atoms. These reactive oxygen atoms immediately react with the oxygen molecule to form (k= 1.9 10 -11 ) ozone.<br \/>Ozon \u00fcretiminde; hava veya oksijenin UV irradyasyonu veya corona &#8211; discharge gibi pek \u00e7ok y\u00f6ntem vard\u0131r. <strong>Ultraviolet ozone generators ;<\/strong> 220 nm&#8217;den k\u0131sa dalga boyunda \u0131\u015f\u0131n veren U.V lambalar\u0131n\u0131n etraf\u0131ndan hava ge\u00e7irilmesi sonucunda \u00fcretilen ozon gaz\u0131, g\u0131dalar\u0131n korunmas\u0131nda, bira fabrikalar\u0131nda, otel ve hastahanelerde hava temizlemede kullan\u0131l\u0131r. UV jenerat\u00f6rlerinden elde edilen ozon miktar\u0131, su i\u015flemleri i\u00e7in yeterli de\u011fildir. Y\u00fcksek gaz ak\u0131m\u0131nda ve d\u00fc\u015f\u00fck konsantrasyon alt\u0131nda UV \u0131\u015f\u0131n\u0131 ile kuru havadan 1kg ozon \u00fcretimi i\u00e7in 44 kW.h den fazla elektrik enerjisine ihtiya\u00e7 vard\u0131r.<br \/>Y\u00fcksek konsantrasyonda ve daha fazla ozon \u00fcretimi i\u00e7in corona &#8211; discharge teknolojisinin kullan\u0131lmas\u0131 gereklidir.<\/p>\n<p><strong>Corona-discharge<\/strong> sabit elektrik ak\u0131m\u0131 vererek elektronlar\u0131 h\u0131zland\u0131rmak suretiyle kinetik enerji kazand\u0131rarak, oksijen molek\u00fcl\u00fcndeki oksijen &#8211; oksijen \u00e7ift ba\u011f\u0131n\u0131 bozmak, par\u00e7alamak esas\u0131na dayan\u0131r. Bu i\u015flem sonunda a\u00e7\u0131\u011fa \u00e7\u0131kan iki oksijen atomu; ozonu olu\u015fturmak \u00fczere di\u011fer oksijen molek\u00fcl\u00fc ile reaksiyona girer.<\/p>\n<p>Thermodynamics of ozone synthesis reaction:<br \/>Buna g\u00f6re 1 kg ozonun meydana gelmesi i\u00e7in 721 kcal&#8217;ye ihtiya\u00e7 vard\u0131r. Tipik bir corona- discharge ozon jenerat\u00f6r\u00fcne uygulanan elektrik enerjisinin sadece % 5&#8217;i ozon \u00fcretiminde harcan\u0131r. Elektrik enerjisinin b\u00fcy\u00fck b\u00f6l\u00fcm\u00fc \u0131s\u0131, hararet olarak g\u00f6r\u00fcl\u00fcr ve \u00f6nemsiz bir miktar\u0131 da \u0131\u015f\u0131k enerjisi olarak serbest kal\u0131r.<br \/>It is necessary to effectively cool the generator to protect it from a high degree of heat, as the ozone gas will immediately turn into oxygen when it heats up. If sufficient cooling cannot be done in the ozone reactor, some of the ozone produced will also be destroyed at this rate.<\/p>\n\t\t\t\t\t\t\t\t<\/div>\n\t\t\t\t<\/div>\n\t\t\t\t\t<\/div>\n\t\t<\/div>\n\t\t\t\t\t<\/div>\n\t\t<\/section>\n\t\t\t\t<\/div>","protected":false},"excerpt":{"rendered":"","protected":false},"author":1,"featured_media":0,"parent":0,"menu_order":0,"comment_status":"closed","ping_status":"closed","template":"","meta":{"footnotes":""},"class_list":["post-96","page","type-page","status-publish","hentry"],"_links":{"self":[{"href":"http:\/\/ozonlamasistemleri.com\/en\/wp-json\/wp\/v2\/pages\/96","targetHints":{"allow":["GET"]}}],"collection":[{"href":"http:\/\/ozonlamasistemleri.com\/en\/wp-json\/wp\/v2\/pages"}],"about":[{"href":"http:\/\/ozonlamasistemleri.com\/en\/wp-json\/wp\/v2\/types\/page"}],"author":[{"embeddable":true,"href":"http:\/\/ozonlamasistemleri.com\/en\/wp-json\/wp\/v2\/users\/1"}],"replies":[{"embeddable":true,"href":"http:\/\/ozonlamasistemleri.com\/en\/wp-json\/wp\/v2\/comments?post=96"}],"version-history":[{"count":7,"href":"http:\/\/ozonlamasistemleri.com\/en\/wp-json\/wp\/v2\/pages\/96\/revisions"}],"predecessor-version":[{"id":1826,"href":"http:\/\/ozonlamasistemleri.com\/en\/wp-json\/wp\/v2\/pages\/96\/revisions\/1826"}],"wp:attachment":[{"href":"http:\/\/ozonlamasistemleri.com\/en\/wp-json\/wp\/v2\/media?parent=96"}],"curies":[{"name":"wp","href":"https:\/\/api.w.org\/{rel}","templated":true}]}}