{"id":1962,"date":"2026-01-06T13:10:47","date_gmt":"2026-01-06T10:10:47","guid":{"rendered":"https:\/\/ozonlamasistemleri.com\/?post_type=product&#038;p=1962"},"modified":"2026-01-06T13:10:48","modified_gmt":"2026-01-06T10:10:48","slug":"proda-fod-3200","status":"publish","type":"product","link":"http:\/\/ozonlamasistemleri.com\/en\/product\/proda-fod-3200\/","title":{"rendered":"PRODA FOD 3200"},"content":{"rendered":"<p>\u00d6zellikler: Fanl\u0131 + su ozonlamaya uygun hortum \u00e7\u0131k\u0131\u015fl\u0131, dif\u00fcz\u00f6rl\u00fc.<br \/>\nKullan\u0131m Alan\u0131:<br \/>\n1.\u2060 \u2060Mutfak ekipmanlar\u0131n\u0131n dezenfeksiyonu: Ka\u015f\u0131k, \u00e7atal, b\u0131\u00e7ak vb. az su i\u00e7inde 15\u201320 dakikada bakterilerden ar\u0131nd\u0131r\u0131l\u0131r.<br \/>\n2.\u2060 \u2060Sebze ve meyve dezenfeksiyonu: Sebze ve meyveler, plastik kapta 25\u201330 dakika ozonlu suya b\u0131rak\u0131ld\u0131\u011f\u0131nda bakteri ve tar\u0131msal ila\u00e7 kal\u0131nt\u0131lar\u0131 giderilir. Durulama gerekmez.<br \/>\n3.\u2060 \u2060\u0130\u00e7me suyu g\u00fcvenli\u011fi: 25 litrelik sular 15 dakika ozonland\u0131\u011f\u0131nda g\u00fcvenle i\u00e7ilebilir hale gelir.<br \/>\n4.\u2060 \u2060Mutfak &amp; kiler havas\u0131 dezenfeksiyonu: Ak\u015fam mesai bitiminde cihaz 30\u201345 dakikaya kurulup \u00e7al\u0131\u015ft\u0131r\u0131l\u0131rsa, mutfak kokular\u0131 giderilir, ha\u015fereler engellenir.<\/p>\n<p>Avantaj\u0131: Tek cihazla hem hava hem su dezenfeksiyonu yap\u0131l\u0131r. Mutfak hijyeni, g\u0131da g\u00fcvenli\u011fi ve ha\u015fere kontrol\u00fc i\u00e7in komple \u00e7\u00f6z\u00fcm sunar.<\/p>","protected":false},"excerpt":{"rendered":"<p>Bu cihazlar, havaya ve suya ayn\u0131 zamanda ozon verebilecek \u015fekilde tasarlanm\u0131\u015ft\u0131r. Geni\u015f bir kullan\u0131m alan\u0131na sahiptir. Herhangi bir kimyasal kullan\u0131lmadan mutfakta yemek kokular\u0131n\u0131 giderme, bakteri ve vir\u00fcsleri yok etme, su ve g\u0131da hijyeni sa\u011flama \u00f6zellikleriyle, oteller i\u00e7in idealdir.<\/p>","protected":false},"featured_media":1963,"comment_status":"open","ping_status":"closed","template":"","meta":[],"product_brand":[],"product_cat":[29],"product_tag":[],"class_list":{"0":"post-1962","1":"product","2":"type-product","3":"status-publish","4":"has-post-thumbnail","6":"product_cat-gida-ve-su-dezenfeksiyonu","8":"first","9":"instock","10":"taxable","11":"shipping-taxable","12":"product-type-simple","13":"customify-col","14":"product-has-gallery"},"_links":{"self":[{"href":"http:\/\/ozonlamasistemleri.com\/en\/wp-json\/wp\/v2\/product\/1962","targetHints":{"allow":["GET"]}}],"collection":[{"href":"http:\/\/ozonlamasistemleri.com\/en\/wp-json\/wp\/v2\/product"}],"about":[{"href":"http:\/\/ozonlamasistemleri.com\/en\/wp-json\/wp\/v2\/types\/product"}],"replies":[{"embeddable":true,"href":"http:\/\/ozonlamasistemleri.com\/en\/wp-json\/wp\/v2\/comments?post=1962"}],"wp:featuredmedia":[{"embeddable":true,"href":"http:\/\/ozonlamasistemleri.com\/en\/wp-json\/wp\/v2\/media\/1963"}],"wp:attachment":[{"href":"http:\/\/ozonlamasistemleri.com\/en\/wp-json\/wp\/v2\/media?parent=1962"}],"wp:term":[{"taxonomy":"product_brand","embeddable":true,"href":"http:\/\/ozonlamasistemleri.com\/en\/wp-json\/wp\/v2\/product_brand?post=1962"},{"taxonomy":"product_cat","embeddable":true,"href":"http:\/\/ozonlamasistemleri.com\/en\/wp-json\/wp\/v2\/product_cat?post=1962"},{"taxonomy":"product_tag","embeddable":true,"href":"http:\/\/ozonlamasistemleri.com\/en\/wp-json\/wp\/v2\/product_tag?post=1962"}],"curies":[{"name":"wp","href":"https:\/\/api.w.org\/{rel}","templated":true}]}}