{"id":110,"date":"2020-12-19T13:33:34","date_gmt":"2020-12-19T13:33:34","guid":{"rendered":"https:\/\/www.opalozon.com\/?page_id=110"},"modified":"2020-12-19T13:34:10","modified_gmt":"2020-12-19T13:34:10","slug":"on-ozonlama-ve-flokulasyon","status":"publish","type":"page","link":"https:\/\/ozonlamasistemleri.com\/en\/on-ozonlama-ve-flokulasyon\/","title":{"rendered":"\u00d6n Ozonlama ve Flok\u00fclasyon"},"content":{"rendered":"<p>\u00d6n ozonlamay\u0131 flok\u00fclasyon i\u00e7in d\u00fc\u015f\u00fcn\u00fcrken ham su ve \u00e7ok kirlenmi\u015f ham suyu ayr\u0131 d\u00fc\u015f\u00fcnmek gerekir. Az bulan\u0131k ham sular i\u00e7in (genellikle g\u00f6l ve rezervuarlar) uzun y\u0131llar ozon ba\u015far\u0131 ile kullan\u0131lm\u0131\u015ft\u0131r. Bu i\u015fleme miscellisation \/demiscellization ad\u0131 verilmektedir. Bu teknik ile flok\u00fclasyon ve dekantasyon i\u015flemleri kalkmakta ve \u00e7\u00f6kelticilerin dozaj\u0131 azalmaktad\u0131r.<\/p>\n<p>\u0130lk olarak mikroflok\u00fclasyon ile plankton gibi 20 &#8211; 30 mikronluk partik\u00fcller ayr\u0131l\u0131r. Sonra ozonlama\/flok\u00fclasyon meydana gelir. Ham su ozonlanm\u0131\u015f havayla temas etti\u011finde, suyun kolloidal yap\u0131s\u0131 bozulur ve meydana gelen bulan\u0131kl\u0131\u011fa negatif y\u00fckl\u00fc kolloidlerin olu\u015fmas\u0131 (miscellisation) neden olur. Bu kolloidler, demiscellisation i\u015fleminde \u00e7ok az miktarda koag\u00fclantla mikrofloklar\u0131 olu\u015fturur. Bu mikrofloklar \u00e7ok zay\u0131f pozitif y\u00fckl\u00fcd\u00fcr ve kolayca kum filtrelerinde tutulurlar.<\/p>\n<p>\u00d6n ozonlama i\u00e7in dozaj en \u00f6nemli fakt\u00f6rd\u00fcr. \u0130\u015flemde d\u00fc\u015f\u00fck h\u0131zlarda s\u00fcspansiyon partik\u00fcllerin toplam say\u0131s\u0131 azal\u0131r. B\u00fcy\u00fck \u00e7apl\u0131 partik\u00fcller artt\u0131k\u00e7a, k\u00fc\u00e7\u00fck partik\u00fcllerin say\u0131s\u0131 azal\u0131r. Y\u00fcksek ozon dozlar\u0131nda ise, tersine k\u00fc\u00e7\u00fck \u00e7apl\u0131lar artarken b\u00fcy\u00fck \u00e7apl\u0131lar azal\u0131r.<\/p>\n<p>\u00c7ok kirli ham sularda (renkli, bulan\u0131k, organik maddesi y\u00fcksek) d\u00fc\u015f\u00fck dozajl\u0131 \u00f6n ozonlama, flok\u00fclasyon i\u015flemine iyi etkide bulunur. \u00d6n ozonlanm\u0131\u015f su daha bulan\u0131kt\u0131r. Daha kolay flok\u00fcle edilebilir. Temas kolonunda kuvvetli bir kar\u0131\u015ft\u0131rma ile bu etkilerin ba\u015flamas\u0131na yard\u0131m edilir. \u00c7ok az miktarda ozon enjeksiyonu ile bulan\u0131kl\u0131\u011f\u0131n \u00e7\u00f6kmesi kolayla\u015f\u0131r. \u00d6n ozonlama flok b\u00fcy\u00fckl\u00fc\u011f\u00fc nedeniyle \u00e7\u00f6kmeyi iyile\u015ftirici etki yapar.<\/p>\n<p>\u00d6n ozonlama, organik maddelerin giderilmesi olarak d\u00fc\u015f\u00fcn\u00fclemez. \u0130\u015flem h\u0131z\u0131 iyi se\u00e7ilirse 1 mg\/lt&#8217;den daha azsa suda \u00e7\u00f6z\u00fcnm\u00fc\u015f art\u0131k ozon kalmaz.<\/p>\n\n<p>\u00c7ok kirli sularda emniyetli bir dezenfeksiyon i\u00e7in son i\u015flemde ozon kullan\u0131lmal\u0131d\u0131r. \u00d6n ozonlama yap\u0131lm\u0131\u015fsa, son ozonlama dozaj\u0131, yanl\u0131z son ozonlama yap\u0131lana g\u00f6re daha d\u00fc\u015f\u00fckt\u00fcr.<\/p>","protected":false},"excerpt":{"rendered":"","protected":false},"author":1,"featured_media":0,"parent":0,"menu_order":0,"comment_status":"closed","ping_status":"closed","template":"","meta":{"footnotes":""},"class_list":["post-110","page","type-page","status-publish","hentry"],"_links":{"self":[{"href":"https:\/\/ozonlamasistemleri.com\/en\/wp-json\/wp\/v2\/pages\/110","targetHints":{"allow":["GET"]}}],"collection":[{"href":"https:\/\/ozonlamasistemleri.com\/en\/wp-json\/wp\/v2\/pages"}],"about":[{"href":"https:\/\/ozonlamasistemleri.com\/en\/wp-json\/wp\/v2\/types\/page"}],"author":[{"embeddable":true,"href":"https:\/\/ozonlamasistemleri.com\/en\/wp-json\/wp\/v2\/users\/1"}],"replies":[{"embeddable":true,"href":"https:\/\/ozonlamasistemleri.com\/en\/wp-json\/wp\/v2\/comments?post=110"}],"version-history":[{"count":2,"href":"https:\/\/ozonlamasistemleri.com\/en\/wp-json\/wp\/v2\/pages\/110\/revisions"}],"predecessor-version":[{"id":112,"href":"https:\/\/ozonlamasistemleri.com\/en\/wp-json\/wp\/v2\/pages\/110\/revisions\/112"}],"wp:attachment":[{"href":"https:\/\/ozonlamasistemleri.com\/en\/wp-json\/wp\/v2\/media?parent=110"}],"curies":[{"name":"wp","href":"https:\/\/api.w.org\/{rel}","templated":true}]}}