{"id":726,"date":"2021-01-09T20:17:00","date_gmt":"2021-01-09T17:17:00","guid":{"rendered":"https:\/\/www.opalozon.com\/?page_id=726"},"modified":"2021-01-09T20:17:00","modified_gmt":"2021-01-09T17:17:00","slug":"insani-tuketim-amacli-sular-hakkinda-yonetmelik","status":"publish","type":"page","link":"https:\/\/ozonlamasistemleri.com\/en\/insani-tuketim-amacli-sular-hakkinda-yonetmelik\/","title":{"rendered":"\u0130nsani T\u00fcketim Ama\u00e7li Sular Hakkinda Yonetmelik"},"content":{"rendered":"\n<p>[3d-flip-book mode=&#8221;fullscreen&#8221; id=&#8221;616&#8243; ][\/3d-flip-book]<\/p>\n","protected":false},"excerpt":{"rendered":"<p>[3d-flip-book mode=&#8221;fullscreen&#8221; id=&#8221;616&#8243; ][\/3d-flip-book]<\/p>\n","protected":false},"author":1,"featured_media":0,"parent":0,"menu_order":0,"comment_status":"closed","ping_status":"closed","template":"","meta":{"footnotes":""},"class_list":["post-726","page","type-page","status-publish","hentry"],"_links":{"self":[{"href":"https:\/\/ozonlamasistemleri.com\/en\/wp-json\/wp\/v2\/pages\/726","targetHints":{"allow":["GET"]}}],"collection":[{"href":"https:\/\/ozonlamasistemleri.com\/en\/wp-json\/wp\/v2\/pages"}],"about":[{"href":"https:\/\/ozonlamasistemleri.com\/en\/wp-json\/wp\/v2\/types\/page"}],"author":[{"embeddable":true,"href":"https:\/\/ozonlamasistemleri.com\/en\/wp-json\/wp\/v2\/users\/1"}],"replies":[{"embeddable":true,"href":"https:\/\/ozonlamasistemleri.com\/en\/wp-json\/wp\/v2\/comments?post=726"}],"version-history":[{"count":1,"href":"https:\/\/ozonlamasistemleri.com\/en\/wp-json\/wp\/v2\/pages\/726\/revisions"}],"predecessor-version":[{"id":727,"href":"https:\/\/ozonlamasistemleri.com\/en\/wp-json\/wp\/v2\/pages\/726\/revisions\/727"}],"wp:attachment":[{"href":"https:\/\/ozonlamasistemleri.com\/en\/wp-json\/wp\/v2\/media?parent=726"}],"curies":[{"name":"wp","href":"https:\/\/api.w.org\/{rel}","templated":true}]}}