{"id":810,"date":"2021-01-14T00:53:12","date_gmt":"2021-01-13T21:53:12","guid":{"rendered":"https:\/\/www.opalozon.com\/?page_id=810"},"modified":"2021-01-14T01:11:13","modified_gmt":"2021-01-13T22:11:13","slug":"dunya-saglik-orgutu-who-world-health-administration","status":"publish","type":"page","link":"https:\/\/ozonlamasistemleri.com\/en\/dunya-saglik-orgutu-who-world-health-administration\/","title":{"rendered":"WHO, World Health Administration"},"content":{"rendered":"\n<p>[3d-flip-book mode=&#8221;fullscreen&#8221; id=&#8221;808&#8243; ][\/3d-flip-book]<\/p>\n\n\n\n<hr class=\"wp-block-separator\"\/>\n\n\n\n<div class=\"wp-block-buttons is-layout-flex wp-block-buttons-is-layout-flex\">\n<div class=\"wp-block-button is-style-fill\"><a class=\"wp-block-button__link\" href=\"https:\/\/www.who.int\/news-room\/fact-sheets\/detail\/ambient-(outdoor)-air-quality-and-health#:~:text=The%20recommended%20limit%20in%20the,mortality%20and%20lower%20ozone%20concentrations\" target=\"_blank\" rel=\"https:\/\/www.who.int\/news-room\/fact-sheets\/detail\/ambient-(outdoor)-air-quality-and-health#:~:text=The%20recommended%20limit%20in%20the,mortality%20and%20lower%20ozone%20concentrations noopener\">Resmi Site \u0130\u00e7in T\u0131klay\u0131n\u0131z.<\/a><\/div>\n<\/div>\n","protected":false},"excerpt":{"rendered":"<p>[3d-flip-book mode=&#8221;fullscreen&#8221; id=&#8221;808&#8243; ][\/3d-flip-book]<\/p>\n","protected":false},"author":1,"featured_media":0,"parent":0,"menu_order":0,"comment_status":"closed","ping_status":"closed","template":"","meta":{"footnotes":""},"class_list":["post-810","page","type-page","status-publish","hentry"],"_links":{"self":[{"href":"https:\/\/ozonlamasistemleri.com\/en\/wp-json\/wp\/v2\/pages\/810","targetHints":{"allow":["GET"]}}],"collection":[{"href":"https:\/\/ozonlamasistemleri.com\/en\/wp-json\/wp\/v2\/pages"}],"about":[{"href":"https:\/\/ozonlamasistemleri.com\/en\/wp-json\/wp\/v2\/types\/page"}],"author":[{"embeddable":true,"href":"https:\/\/ozonlamasistemleri.com\/en\/wp-json\/wp\/v2\/users\/1"}],"replies":[{"embeddable":true,"href":"https:\/\/ozonlamasistemleri.com\/en\/wp-json\/wp\/v2\/comments?post=810"}],"version-history":[{"count":4,"href":"https:\/\/ozonlamasistemleri.com\/en\/wp-json\/wp\/v2\/pages\/810\/revisions"}],"predecessor-version":[{"id":834,"href":"https:\/\/ozonlamasistemleri.com\/en\/wp-json\/wp\/v2\/pages\/810\/revisions\/834"}],"wp:attachment":[{"href":"https:\/\/ozonlamasistemleri.com\/en\/wp-json\/wp\/v2\/media?parent=810"}],"curies":[{"name":"wp","href":"https:\/\/api.w.org\/{rel}","templated":true}]}}