{"id":819,"date":"2021-01-14T01:01:37","date_gmt":"2021-01-13T22:01:37","guid":{"rendered":"https:\/\/www.opalozon.com\/?page_id=819"},"modified":"2021-01-14T01:10:34","modified_gmt":"2021-01-13T22:10:34","slug":"gida-ve-ilac-dairesi-fda-food-and-drug-administration","status":"publish","type":"page","link":"https:\/\/ozonlamasistemleri.com\/en\/gida-ve-ilac-dairesi-fda-food-and-drug-administration\/","title":{"rendered":"FDA, Food and Drug Administration"},"content":{"rendered":"\n<p>[3d-flip-book mode=&#8221;fullscreen&#8221; id=&#8221;817&#8243; ][\/3d-flip-book]<\/p>\n\n\n\n<hr class=\"wp-block-separator\"\/>\n\n\n\n<div class=\"wp-block-buttons is-layout-flex wp-block-buttons-is-layout-flex\">\n<div class=\"wp-block-button\"><a class=\"wp-block-button__link\" href=\"https:\/\/www.accessdata.fda.gov\/scripts\/cdrh\/cfdocs\/cfcfr\/cfrsearch.cfm?fr=184.1563\" target=\"_blank\" rel=\"https:\/\/www.accessdata.fda.gov\/scripts\/cdrh\/cfdocs\/cfcfr\/cfrsearch.cfm?fr=184.1563 noopener\">Resmi Site \u0130\u00e7in T\u0131klay\u0131n\u0131z.<\/a><\/div>\n<\/div>\n","protected":false},"excerpt":{"rendered":"<p>[3d-flip-book mode=&#8221;fullscreen&#8221; id=&#8221;817&#8243; ][\/3d-flip-book]<\/p>\n","protected":false},"author":1,"featured_media":0,"parent":0,"menu_order":0,"comment_status":"closed","ping_status":"closed","template":"","meta":{"footnotes":""},"class_list":["post-819","page","type-page","status-publish","hentry"],"_links":{"self":[{"href":"https:\/\/ozonlamasistemleri.com\/en\/wp-json\/wp\/v2\/pages\/819","targetHints":{"allow":["GET"]}}],"collection":[{"href":"https:\/\/ozonlamasistemleri.com\/en\/wp-json\/wp\/v2\/pages"}],"about":[{"href":"https:\/\/ozonlamasistemleri.com\/en\/wp-json\/wp\/v2\/types\/page"}],"author":[{"embeddable":true,"href":"https:\/\/ozonlamasistemleri.com\/en\/wp-json\/wp\/v2\/users\/1"}],"replies":[{"embeddable":true,"href":"https:\/\/ozonlamasistemleri.com\/en\/wp-json\/wp\/v2\/comments?post=819"}],"version-history":[{"count":2,"href":"https:\/\/ozonlamasistemleri.com\/en\/wp-json\/wp\/v2\/pages\/819\/revisions"}],"predecessor-version":[{"id":833,"href":"https:\/\/ozonlamasistemleri.com\/en\/wp-json\/wp\/v2\/pages\/819\/revisions\/833"}],"wp:attachment":[{"href":"https:\/\/ozonlamasistemleri.com\/en\/wp-json\/wp\/v2\/media?parent=819"}],"curies":[{"name":"wp","href":"https:\/\/api.w.org\/{rel}","templated":true}]}}