{"id":822,"date":"2021-01-14T01:03:32","date_gmt":"2021-01-13T22:03:32","guid":{"rendered":"https:\/\/www.opalozon.com\/?page_id=822"},"modified":"2021-01-14T01:08:26","modified_gmt":"2021-01-13T22:08:26","slug":"isci-sagligi-ve-guvenligi-yonetimi-osha-occupational-safety-and-health-administration","status":"publish","type":"page","link":"https:\/\/ozonlamasistemleri.com\/en\/isci-sagligi-ve-guvenligi-yonetimi-osha-occupational-safety-and-health-administration\/","title":{"rendered":"OSHA, Occupational Safety and Health Administration"},"content":{"rendered":"\n<p>[3d-flip-book mode=&#8221;fullscreen&#8221; id=&#8221;821&#8243; ][\/3d-flip-book]<\/p>\n\n\n\n<hr class=\"wp-block-separator\"\/>\n\n\n\n<div class=\"wp-block-buttons is-layout-flex wp-block-buttons-is-layout-flex\">\n<div class=\"wp-block-button\"><a class=\"wp-block-button__link\" href=\"https:\/\/www.osha.gov\/chemicaldata\/chemResult.html?RecNo=9\" target=\"_blank\" rel=\"https:\/\/www.osha.gov\/chemicaldata\/chemResult.html?RecNo=9 noopener\">Resmi Site \u0130\u00e7in T\u0131klay\u0131n\u0131z.<\/a><\/div>\n<\/div>\n","protected":false},"excerpt":{"rendered":"<p>[3d-flip-book mode=&#8221;fullscreen&#8221; id=&#8221;821&#8243; ][\/3d-flip-book]<\/p>\n","protected":false},"author":1,"featured_media":0,"parent":0,"menu_order":0,"comment_status":"closed","ping_status":"closed","template":"","meta":{"footnotes":""},"class_list":["post-822","page","type-page","status-publish","hentry"],"_links":{"self":[{"href":"https:\/\/ozonlamasistemleri.com\/en\/wp-json\/wp\/v2\/pages\/822","targetHints":{"allow":["GET"]}}],"collection":[{"href":"https:\/\/ozonlamasistemleri.com\/en\/wp-json\/wp\/v2\/pages"}],"about":[{"href":"https:\/\/ozonlamasistemleri.com\/en\/wp-json\/wp\/v2\/types\/page"}],"author":[{"embeddable":true,"href":"https:\/\/ozonlamasistemleri.com\/en\/wp-json\/wp\/v2\/users\/1"}],"replies":[{"embeddable":true,"href":"https:\/\/ozonlamasistemleri.com\/en\/wp-json\/wp\/v2\/comments?post=822"}],"version-history":[{"count":3,"href":"https:\/\/ozonlamasistemleri.com\/en\/wp-json\/wp\/v2\/pages\/822\/revisions"}],"predecessor-version":[{"id":831,"href":"https:\/\/ozonlamasistemleri.com\/en\/wp-json\/wp\/v2\/pages\/822\/revisions\/831"}],"wp:attachment":[{"href":"https:\/\/ozonlamasistemleri.com\/en\/wp-json\/wp\/v2\/media?parent=822"}],"curies":[{"name":"wp","href":"https:\/\/api.w.org\/{rel}","templated":true}]}}