{"id":828,"date":"2021-01-14T01:09:32","date_gmt":"2021-01-13T22:09:32","guid":{"rendered":"https:\/\/www.opalozon.com\/?page_id=828"},"modified":"2021-01-14T01:09:33","modified_gmt":"2021-01-13T22:09:33","slug":"ulusal-is-sagligi-ve-guvenligi-enstitusu-niosh-national-institute-for-occupational-safety-and-health","status":"publish","type":"page","link":"https:\/\/ozonlamasistemleri.com\/en\/ulusal-is-sagligi-ve-guvenligi-enstitusu-niosh-national-institute-for-occupational-safety-and-health\/","title":{"rendered":"NIOSH, National Institute For Occupational Safety and Health"},"content":{"rendered":"\n<p>[3d-flip-book mode=&#8221;fullscreen&#8221; id=&#8221;826&#8243; ][\/3d-flip-book]<\/p>\n\n\n\n<hr class=\"wp-block-separator\"\/>\n\n\n\n<div class=\"wp-block-buttons is-layout-flex wp-block-buttons-is-layout-flex\">\n<div class=\"wp-block-button\"><a class=\"wp-block-button__link\" href=\"https:\/\/www.ncbi.nlm.nih.gov\/books\/NBK208281\/\" target=\"_blank\" rel=\"noopener\">Resmi Site \u0130\u00e7in T\u0131klay\u0131n\u0131z.<\/a><\/div>\n<\/div>\n","protected":false},"excerpt":{"rendered":"<p>[3d-flip-book mode=&#8221;fullscreen&#8221; id=&#8221;826&#8243; ][\/3d-flip-book]<\/p>\n","protected":false},"author":1,"featured_media":0,"parent":0,"menu_order":0,"comment_status":"closed","ping_status":"closed","template":"","meta":{"footnotes":""},"class_list":["post-828","page","type-page","status-publish","hentry"],"_links":{"self":[{"href":"https:\/\/ozonlamasistemleri.com\/en\/wp-json\/wp\/v2\/pages\/828","targetHints":{"allow":["GET"]}}],"collection":[{"href":"https:\/\/ozonlamasistemleri.com\/en\/wp-json\/wp\/v2\/pages"}],"about":[{"href":"https:\/\/ozonlamasistemleri.com\/en\/wp-json\/wp\/v2\/types\/page"}],"author":[{"embeddable":true,"href":"https:\/\/ozonlamasistemleri.com\/en\/wp-json\/wp\/v2\/users\/1"}],"replies":[{"embeddable":true,"href":"https:\/\/ozonlamasistemleri.com\/en\/wp-json\/wp\/v2\/comments?post=828"}],"version-history":[{"count":1,"href":"https:\/\/ozonlamasistemleri.com\/en\/wp-json\/wp\/v2\/pages\/828\/revisions"}],"predecessor-version":[{"id":832,"href":"https:\/\/ozonlamasistemleri.com\/en\/wp-json\/wp\/v2\/pages\/828\/revisions\/832"}],"wp:attachment":[{"href":"https:\/\/ozonlamasistemleri.com\/en\/wp-json\/wp\/v2\/media?parent=828"}],"curies":[{"name":"wp","href":"https:\/\/api.w.org\/{rel}","templated":true}]}}